{"id":9,"date":"2024-05-11T17:24:18","date_gmt":"2024-05-11T15:24:18","guid":{"rendered":"http:\/\/www2.ual.es\/jdual24\/?page_id=9"},"modified":"2024-05-31T14:05:18","modified_gmt":"2024-05-31T12:05:18","slug":"i-jornadas-doctorales-ual-2024","status":"publish","type":"page","link":"http:\/\/www2.ual.es\/jdual24\/","title":{"rendered":"Inicio"},"content":{"rendered":"\n<h2 class=\"wp-block-heading\">I Jornadas Doctorales UAL (2024)<\/h2>\n\n\n\n<p>Universidad de Almer\u00eda, 12-14 de junio de 2024<\/p>\n\n\n\n<div class=\"wp-block-group has-global-padding is-layout-constrained wp-block-group-is-layout-constrained\">\n<p>La Escuela Internacional de Doctorado de la Universidad de Almer\u00eda (EIDUAL) organiza la primera edici\u00f3n de las Jornadas Doctorales de la Universidad de Almer\u00eda (UAL), los d\u00edas 12, 13 y 14 de junio de 2024 en el campus de la UAL.<\/p>\n\n\n\n<p>Estas jornadas est\u00e1n dirigidas especialmente a estudiantes de doctorado de la UAL, extendiendo esta invitaci\u00f3n al resto de colectivos que integran la comunidad universitaria, incluidos los centros de investigaci\u00f3n asociados, as\u00ed como a estudiantes de doctorado de otras universidades espa\u00f1olas que soliciten su participaci\u00f3n.<\/p>\n\n\n\n<p>Este evento, que se enmarca en la programaci\u00f3n de actividades de formaci\u00f3n transversal de la EIDUAL, da cumplimiento a la normativa que regula los estudios de doctorado (Real Decreto 99\/2011), que exige a las Escuelas de Doctorado la planificaci\u00f3n de actividades inherentes a este tipo de formaci\u00f3n, y tiene como objetivos:<\/p>\n\n\n\n<p>\u00b7&nbsp;&nbsp;&nbsp;&nbsp;&nbsp;&nbsp;&nbsp;&nbsp;Dar difusi\u00f3n de la actividad investigadora de los\/as doctorandos\/as de los diversos programas de doctorado de la UAL y ponerla en conocimiento del resto de miembros de la comunidad universitaria, las empresas y la sociedad en general.<\/p>\n\n\n\n<p>\u00b7&nbsp;&nbsp;&nbsp;&nbsp;&nbsp;&nbsp;&nbsp;&nbsp;Contribuir a que los\/as doctorandos\/as sean capaces de exponer y difundir adecuadamente los resultados de los trabajos de investigaci\u00f3n que se realizan para la elaboraci\u00f3n de las tesis doctorales.<\/p>\n\n\n\n<p>\u00b7&nbsp;&nbsp;&nbsp;&nbsp;&nbsp;&nbsp;&nbsp;&nbsp;Impulsar nuevas sinergias e ideas futuras como tema de investigaci\u00f3n entre las distintas \u00e1reas de conocimiento para generar contactos y relaciones de oportunidad.<\/p>\n\n\n\n<p>\u00b7&nbsp;&nbsp;&nbsp;&nbsp;&nbsp;&nbsp;&nbsp;&nbsp;Constituir un punto de intercambio de experiencias y opiniones entre los\/as doctorandos\/as de distintas \u00e1reas sobre el desarrollo de la formaci\u00f3n doctoral para crear un sentido de comunidad ante la vivencia de un proceso com\u00fan.<\/p>\n\n\n\n<p>\u00b7\u00a0\u00a0\u00a0\u00a0\u00a0\u00a0\u00a0\u00a0Reconocer por parte de la UAL el trabajo investigador mediante la concesi\u00f3n de premios.<\/p>\n<\/div>\n\n\n\n<hr class=\"wp-block-separator has-alpha-channel-opacity\"\/>\n\n\n\n<h2 class=\"wp-block-heading\">Comit\u00e9 Organizador<\/h2>\n\n\n\n<p>Enrique de Amo Artero<\/p>\n\n\n\n<p>Cristobal Sarabia Bello<\/p>\n\n\n\n<p>Macarena del Mar Jurado Rodr\u00edguez<\/p>\n\n\n\n<p>Mar\u00eda Jes\u00fas Sim\u00f3n Cerezuela<\/p>\n\n\n\n<p>Juan Evangelista Trinidad Segovia<\/p>\n\n\n\n<p>Miguel \u00c1ngel S\u00e1nchez Granero<\/p>\n\n\n\n<p>Jorge Tarifa Fern\u00e1ndez<\/p>\n\n\n\n<p>Laura Molero Gonz\u00e1lez<\/p>\n","protected":false},"excerpt":{"rendered":"<p>I Jornadas Doctorales UAL (2024) Universidad de Almer\u00eda, 12-14 de junio de 2024 La Escuela Internacional de Doctorado de la Universidad de Almer\u00eda (EIDUAL) organiza la primera edici\u00f3n de las Jornadas Doctorales de la Universidad de Almer\u00eda (UAL), los d\u00edas 12, 13 y 14 de junio de 2024 en el campus de la UAL. Estas [&hellip;]<\/p>\n","protected":false},"author":1,"featured_media":0,"parent":0,"menu_order":0,"comment_status":"closed","ping_status":"closed","template":"","meta":{"footnotes":""},"class_list":["post-9","page","type-page","status-publish","hentry"],"_links":{"self":[{"href":"http:\/\/www2.ual.es\/jdual24\/wp-json\/wp\/v2\/pages\/9","targetHints":{"allow":["GET"]}}],"collection":[{"href":"http:\/\/www2.ual.es\/jdual24\/wp-json\/wp\/v2\/pages"}],"about":[{"href":"http:\/\/www2.ual.es\/jdual24\/wp-json\/wp\/v2\/types\/page"}],"author":[{"embeddable":true,"href":"http:\/\/www2.ual.es\/jdual24\/wp-json\/wp\/v2\/users\/1"}],"replies":[{"embeddable":true,"href":"http:\/\/www2.ual.es\/jdual24\/wp-json\/wp\/v2\/comments?post=9"}],"version-history":[{"count":3,"href":"http:\/\/www2.ual.es\/jdual24\/wp-json\/wp\/v2\/pages\/9\/revisions"}],"predecessor-version":[{"id":52,"href":"http:\/\/www2.ual.es\/jdual24\/wp-json\/wp\/v2\/pages\/9\/revisions\/52"}],"wp:attachment":[{"href":"http:\/\/www2.ual.es\/jdual24\/wp-json\/wp\/v2\/media?parent=9"}],"curies":[{"name":"wp","href":"https:\/\/api.w.org\/{rel}","templated":true}]}}