{"id":58,"date":"2024-06-10T22:30:15","date_gmt":"2024-06-10T20:30:15","guid":{"rendered":"http:\/\/www2.ual.es\/jdual24\/?page_id=58"},"modified":"2024-06-12T13:31:32","modified_gmt":"2024-06-12T11:31:32","slug":"ponentes","status":"publish","type":"page","link":"http:\/\/www2.ual.es\/jdual24\/ponentes\/","title":{"rendered":"Ponentes"},"content":{"rendered":"\n<div class=\"wp-block-group is-nowrap is-layout-flex wp-container-core-group-is-layout-f66f9956 wp-block-group-is-layout-flex\" style=\"border-width:2px\">\n<div class=\"wp-block-group is-vertical is-content-justification-center is-layout-flex wp-container-core-group-is-layout-ce155fab wp-block-group-is-layout-flex\">\n<figure class=\"wp-block-image size-large is-resized has-custom-border is-style-default\"><img loading=\"lazy\" decoding=\"async\" width=\"705\" height=\"1024\" src=\"http:\/\/www2.ual.es\/jdual24\/wp-content\/uploads\/2024\/06\/Manuel-705x1024.jpg\" alt=\"\" class=\"wp-image-59\" style=\"border-style:none;border-width:0px;border-radius:0px;width:250px\" srcset=\"http:\/\/www2.ual.es\/jdual24\/wp-content\/uploads\/2024\/06\/Manuel-705x1024.jpg 705w, http:\/\/www2.ual.es\/jdual24\/wp-content\/uploads\/2024\/06\/Manuel-206x300.jpg 206w, http:\/\/www2.ual.es\/jdual24\/wp-content\/uploads\/2024\/06\/Manuel-768x1116.jpg 768w, http:\/\/www2.ual.es\/jdual24\/wp-content\/uploads\/2024\/06\/Manuel.jpg 790w\" sizes=\"auto, (max-width: 705px) 100vw, 705px\" \/><\/figure>\n\n\n\n<h2 class=\"wp-block-heading\">Manuel D\u00edaz Ordo\u00f1ez<\/h2>\n\n\n\n<p>Licenciado en Geograf\u00eda e Historia y Doctor en Historia por la Universidad de Barcelona, M\u00e1ster en Historia por la Universidad Pablo de Olavide, y Codirector del M\u00e1ster en Historia y Humanidades Digitales de la \u00faltima universidad. Est\u00e1 especializado en cuestiones de historia naval e industrial en el siglo XVIII. Su tesis se centr\u00f3 en analizar las modificaciones contractuales que el Reformismo Borb\u00f3nico impuls\u00f3 en los contratos de abastecimiento de jarcia para la Real Armada.<\/p>\n\n\n\n<p>En la actualidad est\u00e1 centrado en estudiar la globalizaci\u00f3n a trav\u00e9s de la extensi\u00f3n del cultivo y el comercio del c\u00e1\u00f1amo en la geograf\u00eda mundial a partir del siglo XVI. En concreto, analizando las semejanzas y diferencias de las pol\u00edticas de suministro del c\u00e1\u00f1amo entre el imperio espa\u00f1ol y el brit\u00e1nico. Desarrollando las relaciones existentes entre el mercado del B\u00e1ltico, Atl\u00e1ntico Norte, Pac\u00edfico e \u00cdndico.<\/p>\n\n\n\n<p>Tambi\u00e9n desarrolla trabajos cient\u00edficos sobre Bases de Datos, Big Data uso de la IA en la docencia e innovaciones digitales para la historia. Fruto de esta actividad ha registrado dos Bases de datos en propiedad intelectual (<a href=\"https:\/\/www.gecemdatabase.eu\/\" target=\"_blank\" rel=\"noreferrer noopener\">GECEM Database<\/a>&nbsp;-comercio sinoeuropeo en la Edad Moderna- y&nbsp;<a href=\"https:\/\/atlantocracies.com\/\" target=\"_blank\" rel=\"noreferrer noopener\">AtlantoCracies<\/a>&nbsp;-movilidad aristocr\u00e1tica en el Atl\u00e1ntico s. XV XIX-).<\/p>\n<\/div>\n<\/div>\n\n\n\n<div class=\"wp-block-group is-nowrap is-layout-flex wp-container-core-group-is-layout-f66f9956 wp-block-group-is-layout-flex\" style=\"border-width:2px\">\n<div class=\"wp-block-group is-vertical is-content-justification-center is-layout-flex wp-container-core-group-is-layout-ce155fab wp-block-group-is-layout-flex\">\n<figure class=\"wp-block-image size-full is-resized is-style-default\"><img loading=\"lazy\" decoding=\"async\" width=\"768\" height=\"1024\" src=\"http:\/\/www2.ual.es\/jdual24\/wp-content\/uploads\/2024\/06\/melaperfil.jpeg\" alt=\"\" class=\"wp-image-60\" style=\"width:250px\" srcset=\"http:\/\/www2.ual.es\/jdual24\/wp-content\/uploads\/2024\/06\/melaperfil.jpeg 768w, http:\/\/www2.ual.es\/jdual24\/wp-content\/uploads\/2024\/06\/melaperfil-225x300.jpeg 225w\" sizes=\"auto, (max-width: 768px) 100vw, 768px\" \/><\/figure>\n\n\n\n<h2 class=\"wp-block-heading\">Melania Moscoso P\u00e9rez<\/h2>\n\n\n\n<p>Melania Moscoso-P\u00e9rez es Cient\u00edfico Titular en el Instituto de Filosof\u00eda del CSIC (Grupo de \u00c9tica<br>Aplicada GEA) Ha sido becaria pre- y postdoctoral del Programa de Formaci\u00f3n de Investigadores del<br>Gobierno Vasco, doctora contratada del Programa de la Junta de Ampliaci\u00f3n de Estudios del CSIC y<br>profesora interina del departamento de filosof\u00eda de los valores en la Facultad de Filosof\u00eda, Antropolog\u00eda<br>y Educaci\u00f3n de la Universidad del Pa\u00eds Vasco. Ha realizado estancias de investigaci\u00f3n en University of<br>Illinois at Chicago y Temple University (Filadelfia), donde fue investigadora postdoctoral. Ha publicado<br>Las aventuras de la legitimidad: educaci\u00f3n en valores y modernidad (Plaza y Vald\u00e9s, 2014) y numerosos<br>art\u00edculos sobre educaci\u00f3n en valores y discapacidad. \u00daltimamente he coordinado dos libros sobre<br>soledad no deseada junto con compa\u00f1eros del Consejo Superior de Investigaciones Cient\u00edficas como<br>Txetxu Aus\u00edn Soledades. Una cartograf\u00eda para nuestro tiempo, Plaza y Vald\u00e9s, 2021 y mis amigos \u00d3scar Barrio y<br>Aitor Sorreluz Soledades habitadas:los pliegues de la cotidianidad. Plaza y Vald\u00e9s, 2024<br>Moscoso P\u00e9rez, M., &amp; Aus\u00edn, T. (2021). Soledades. Una cartograf\u00eda para nuestro tiempo. Plaza y Vald\u00e9s.<\/p>\n<\/div>\n<\/div>\n\n\n\n<div class=\"wp-block-group is-content-justification-center is-nowrap is-layout-flex wp-container-core-group-is-layout-b93cabc5 wp-block-group-is-layout-flex\" style=\"border-width:2px\">\n<div class=\"wp-block-group is-vertical is-content-justification-center is-layout-flex wp-container-core-group-is-layout-ce155fab wp-block-group-is-layout-flex\">\n<figure class=\"wp-block-image size-full is-resized\"><img loading=\"lazy\" decoding=\"async\" width=\"800\" height=\"804\" src=\"http:\/\/www2.ual.es\/jdual24\/wp-content\/uploads\/2024\/06\/Andrei-Martinez-Filkenstein-1.jpeg\" alt=\"\" class=\"wp-image-92\" style=\"width:250px\" srcset=\"http:\/\/www2.ual.es\/jdual24\/wp-content\/uploads\/2024\/06\/Andrei-Martinez-Filkenstein-1.jpeg 800w, http:\/\/www2.ual.es\/jdual24\/wp-content\/uploads\/2024\/06\/Andrei-Martinez-Filkenstein-1-150x150.jpeg 150w, http:\/\/www2.ual.es\/jdual24\/wp-content\/uploads\/2024\/06\/Andrei-Martinez-Filkenstein-1-768x772.jpeg 768w\" sizes=\"auto, (max-width: 800px) 100vw, 800px\" \/><\/figure>\n\n\n\n<h2 class=\"wp-block-heading\">Andrei Martinez-Finkelshtein<\/h2>\n\n\n\n<p><strong>Andrei Martinez-Finkelshtein<\/strong>&nbsp;obtained his PhD in Mathematics in1991, and currently&nbsp;is Full Professor at the Department of Mathematics of Baylor University, since 2018, as well as Catedr\u00e1tico (Full Professor) at the Department of Mathematics of the University of Almer\u00eda (Spain), since 2007. He has been the supervisor&nbsp;of 4 Master and 8 PhD Thesis students. He has published 116 research papers and is a member of the editorial and review board in high impact journals. He has participated as Principal Investigator of 14 regional, national and international grants in Mathematics and Health Sciences, and of 1 Research Contract with the Spanish Institute Carlos III of Health. He is co-founder of two start-ups: Institute of Neurobiological Research (2014) and Neurobia Research (<a href=\"http:\/\/www.neurobia.com\/\" target=\"_blank\" rel=\"noreferrer noopener\">www.neurobia.com<\/a>, 2015), as well as co-founder of the Spanish Association for Implant, Refractive and Cor-neal Technology and Surgery (ASETCIRC), 2009.<\/p>\n<\/div>\n<\/div>\n\n\n\n<div class=\"wp-block-group is-nowrap is-layout-flex wp-container-core-group-is-layout-f66f9956 wp-block-group-is-layout-flex\" style=\"border-width:2px\">\n<div class=\"wp-block-group is-vertical is-content-justification-center is-layout-flex wp-container-core-group-is-layout-ce155fab wp-block-group-is-layout-flex\">\n<figure class=\"wp-block-image size-full is-resized\"><img loading=\"lazy\" decoding=\"async\" width=\"250\" height=\"354\" src=\"http:\/\/www2.ual.es\/jdual24\/wp-content\/uploads\/2024\/06\/GRACIA-CASTRO-DE-LUNA-1.jpg\" alt=\"\" class=\"wp-image-93\" style=\"width:250px\" srcset=\"http:\/\/www2.ual.es\/jdual24\/wp-content\/uploads\/2024\/06\/GRACIA-CASTRO-DE-LUNA-1.jpg 250w, http:\/\/www2.ual.es\/jdual24\/wp-content\/uploads\/2024\/06\/GRACIA-CASTRO-DE-LUNA-1-212x300.jpg 212w\" sizes=\"auto, (max-width: 250px) 100vw, 250px\" \/><\/figure>\n\n\n\n<h2 class=\"wp-block-heading\">Gracia Castro de Luna<\/h2>\n\n\n\n<p><strong>Gracia Castro de Luna&nbsp;<\/strong>es doctora en Medicina y Cirug\u00eda por la Universidad Miguel Hern\u00e1ndez y Facultativo Especialista en Oftalmolog\u00eda durante 30 a\u00f1os en actividades cl\u00ednico &#8211; quir\u00fargicas y gesti\u00f3n sanitaria ( direcci\u00f3n m\u00e9dica) p\u00fablico-privada. Desde el a\u00f1o 2020 es Profesora Titular de Universidad, con docencia en los Grados de Medicina, Enfermer\u00eda, Fisioterapia, y &nbsp;Ciencias del deporte. Ha dirigido 7 t\u00e9sis doctorales, seis en direcci\u00f3n \u00fanica. M\u00e1s de 100 TFGs y TFMs. Es autora o coautora de 40 publicaciones cient\u00edficas indexadas en JCR. Ha sido IP y equipo de investigaci\u00f3n de diferentes proyectos obtenidos en convocatorias competitivas. Es propietaria de la Patente registrada \u00bb Procedimiento de reconstrucci\u00f3n de la topograf\u00eda corneal a partir de datos altim\u00e9tricos de la superficie corneal\u00bb(P201000842), as\u00ed como creadora de dos empresas de base tecnol\u00f3gica.&nbsp;<\/p>\n<\/div>\n<\/div>\n\n\n\n<div class=\"wp-block-group is-nowrap is-layout-flex wp-container-core-group-is-layout-f66f9956 wp-block-group-is-layout-flex\" style=\"border-width:2px\">\n<div class=\"wp-block-group is-vertical is-content-justification-center is-layout-flex wp-container-core-group-is-layout-ce155fab wp-block-group-is-layout-flex\">\n<figure class=\"wp-block-image size-full is-resized\"><img loading=\"lazy\" decoding=\"async\" width=\"2560\" height=\"2560\" src=\"http:\/\/www2.ual.es\/jdual24\/wp-content\/uploads\/2024\/06\/Alvaro-1-Naukas-1-scaled.jpg\" alt=\"\" class=\"wp-image-101\" style=\"width:250px\" srcset=\"http:\/\/www2.ual.es\/jdual24\/wp-content\/uploads\/2024\/06\/Alvaro-1-Naukas-1-scaled.jpg 2560w, http:\/\/www2.ual.es\/jdual24\/wp-content\/uploads\/2024\/06\/Alvaro-1-Naukas-1-300x300.jpg 300w, http:\/\/www2.ual.es\/jdual24\/wp-content\/uploads\/2024\/06\/Alvaro-1-Naukas-1-1024x1024.jpg 1024w, http:\/\/www2.ual.es\/jdual24\/wp-content\/uploads\/2024\/06\/Alvaro-1-Naukas-1-150x150.jpg 150w, http:\/\/www2.ual.es\/jdual24\/wp-content\/uploads\/2024\/06\/Alvaro-1-Naukas-1-768x768.jpg 768w, http:\/\/www2.ual.es\/jdual24\/wp-content\/uploads\/2024\/06\/Alvaro-1-Naukas-1-1536x1536.jpg 1536w, http:\/\/www2.ual.es\/jdual24\/wp-content\/uploads\/2024\/06\/Alvaro-1-Naukas-1-2048x2048.jpg 2048w\" sizes=\"auto, (max-width: 2560px) 100vw, 2560px\" \/><\/figure>\n\n\n\n<h2 class=\"wp-block-heading\">\u00c1lvaro Morales Molina<\/h2>\n\n\n\n<p>\u00c1lvaro Morales Molina es graduado en Biolog\u00eda Sanitaria y Doctor en Biociencias Moleculares. Durante 7 a\u00f1os ha trabajado en la investigaci\u00f3n de inmunoterapias contra el c\u00e1ncer en el Instituto de Salud Carlos III, donde ha compaginado el trabajo de laboratorio con la divulgaci\u00f3n cient\u00edfica.<\/p>\n\n\n\n<p>En 2015 gan\u00f3 el concurso de mon\u00f3logos cient\u00edficos FameLab y comenz\u00f3 en el mundo de la comunicaci\u00f3n cient\u00edfica. Adem\u00e1s de charlas, organiza e imparte cursos y talleres en universidades, hospitales y centros de investigaci\u00f3n, y produce materiales divulgativos como v\u00eddeos o c\u00f3mics cient\u00edficos. Ha colaborado con Santillana en la producci\u00f3n de materiales educativos y es responsable de redes en la Sociedad Espa\u00f1ola de Terapia G\u00e9nica y Celular. Actualmente dirige su propia empresa de comunicaci\u00f3n cient\u00edfica,&nbsp;<a href=\"https:\/\/impulsa4cure.com\/\" rel=\"noreferrer noopener\" target=\"_blank\">IMPULSA 4cure<\/a>.<\/p>\n<\/div>\n<\/div>\n\n\n\n<div class=\"wp-block-group is-nowrap is-layout-flex wp-container-core-group-is-layout-f66f9956 wp-block-group-is-layout-flex\" style=\"border-width:2px\">\n<div class=\"wp-block-group is-vertical is-content-justification-center is-layout-flex wp-container-core-group-is-layout-ce155fab wp-block-group-is-layout-flex\">\n<figure class=\"wp-block-image size-full is-resized is-style-default\"><img loading=\"lazy\" decoding=\"async\" width=\"1368\" height=\"2041\" src=\"http:\/\/www2.ual.es\/jdual24\/wp-content\/uploads\/2024\/06\/Foto-JI.-Marin-Guirao-1.jpg\" alt=\"\" class=\"wp-image-65\" style=\"width:250px\" srcset=\"http:\/\/www2.ual.es\/jdual24\/wp-content\/uploads\/2024\/06\/Foto-JI.-Marin-Guirao-1.jpg 1368w, http:\/\/www2.ual.es\/jdual24\/wp-content\/uploads\/2024\/06\/Foto-JI.-Marin-Guirao-1-201x300.jpg 201w, http:\/\/www2.ual.es\/jdual24\/wp-content\/uploads\/2024\/06\/Foto-JI.-Marin-Guirao-1-686x1024.jpg 686w, http:\/\/www2.ual.es\/jdual24\/wp-content\/uploads\/2024\/06\/Foto-JI.-Marin-Guirao-1-768x1146.jpg 768w, http:\/\/www2.ual.es\/jdual24\/wp-content\/uploads\/2024\/06\/Foto-JI.-Marin-Guirao-1-1030x1536.jpg 1030w\" sizes=\"auto, (max-width: 1368px) 100vw, 1368px\" \/><\/figure>\n\n\n\n<h2 class=\"wp-block-heading\">Jos\u00e9 Ignacio Mar\u00edn Guirao<\/h2>\n\n\n\n<p>Ingeniero T\u00e9cnico Agr\u00edcola y Doctor en Agricultura Protegida por la Universidad de<br>Almer\u00eda (UAL), con estudios de postgrado en Agricultura Biol\u00f3gica y en Agroecolog\u00eda,<br>realizados en la Universidad de Barcelona y en la Universidad Miguel Hern\u00e1ndez. Es<br>miembro del grupo de investigaci\u00f3n PAIDI AGR200 \u201cProducci\u00f3n Vegetal en Sistemas<br>de Cultivos Mediterr\u00e1neos\u201d desde el a\u00f1o 2011, a\u00f1o en el que inicia su tesis doctoral.<br>En el a\u00f1o 2016 obtiene el t\u00edtulo de Doctor dentro de la l\u00ednea de investigaci\u00f3n<br>Protecci\u00f3n Vegetal en Agricultura Protegida, si\u00e9ndole otorgada la Menci\u00f3n honor\u00edfica<br>de Premio Extraordinario de Doctorado de la UAL. Tras continuar en la UAL con<br>diversos proyectos de investigaci\u00f3n de financiaci\u00f3n p\u00fablica y privada, en 2019 se<br>incorpora al grupo de Fitopatolog\u00eda y Microbiolog\u00eda de Suelos, del Instituto de<br>Investigaci\u00f3n Agraria y Pesquera (IFAPA) dentro del \u00e1rea de Protecci\u00f3n Vegetal<br>Sostenible. Sus l\u00edneas de investigaci\u00f3n comportan manejos del suelo para la mejora<br>de su salud y fertilidad, e incluyen una gesti\u00f3n integrada de las enfermedades de<br>origen ed\u00e1fico de los cultivos hort\u00edcolas. Considera a la agroecolog\u00eda y la econom\u00eda<br>circular como los pilares esenciales con capacidad para dar un soporte sostenible,<br>rentable y duradero a la pr\u00e1ctica agr\u00edcola bajo invernadero, donde la vida del suelo es<br>clave en el correcto desarrollo de las plantas.<\/p>\n<\/div>\n<\/div>\n\n\n\n<div class=\"wp-block-group is-nowrap is-layout-flex wp-container-core-group-is-layout-f66f9956 wp-block-group-is-layout-flex\" style=\"border-width:2px\">\n<div class=\"wp-block-group is-vertical is-content-justification-center is-layout-flex wp-container-core-group-is-layout-ce155fab wp-block-group-is-layout-flex\">\n<figure class=\"wp-block-image size-full is-resized is-style-default\"><img loading=\"lazy\" decoding=\"async\" width=\"357\" height=\"466\" src=\"http:\/\/www2.ual.es\/jdual24\/wp-content\/uploads\/2024\/06\/Imran-Yousaf.jpg\" alt=\"\" class=\"wp-image-64\" style=\"width:250px\" srcset=\"http:\/\/www2.ual.es\/jdual24\/wp-content\/uploads\/2024\/06\/Imran-Yousaf.jpg 357w, http:\/\/www2.ual.es\/jdual24\/wp-content\/uploads\/2024\/06\/Imran-Yousaf-230x300.jpg 230w\" sizes=\"auto, (max-width: 357px) 100vw, 357px\" \/><\/figure>\n\n\n\n<h2 class=\"wp-block-heading\">Imran Yousaf<\/h2>\n\n\n\n<p><strong>Imran Yousaf<\/strong>&nbsp;obtained his PhD in Management Sciences in 2020, and currently is Assistant Professor in the College of Business and Public Management from the Kean University USA, (China Campus) from August 2023, where is supervisor of Master and PhD Thesis students. He has published 70 research papers and is a member of the editorial and review board in high impact journals. He has participated&nbsp;in different research projects, as well as a guest in workshop, congress and seminar with international projection.&nbsp;<\/p>\n<\/div>\n<\/div>\n","protected":false},"excerpt":{"rendered":"<p>Manuel D\u00edaz Ordo\u00f1ez Licenciado en Geograf\u00eda e Historia y Doctor en Historia por la Universidad de Barcelona, M\u00e1ster en Historia por la Universidad Pablo de Olavide, y Codirector del M\u00e1ster en Historia y Humanidades Digitales de la \u00faltima universidad. Est\u00e1 especializado en cuestiones de historia naval e industrial en el siglo XVIII. Su tesis se [&hellip;]<\/p>\n","protected":false},"author":1,"featured_media":0,"parent":0,"menu_order":0,"comment_status":"closed","ping_status":"closed","template":"","meta":{"footnotes":""},"class_list":["post-58","page","type-page","status-publish","hentry"],"_links":{"self":[{"href":"http:\/\/www2.ual.es\/jdual24\/wp-json\/wp\/v2\/pages\/58","targetHints":{"allow":["GET"]}}],"collection":[{"href":"http:\/\/www2.ual.es\/jdual24\/wp-json\/wp\/v2\/pages"}],"about":[{"href":"http:\/\/www2.ual.es\/jdual24\/wp-json\/wp\/v2\/types\/page"}],"author":[{"embeddable":true,"href":"http:\/\/www2.ual.es\/jdual24\/wp-json\/wp\/v2\/users\/1"}],"replies":[{"embeddable":true,"href":"http:\/\/www2.ual.es\/jdual24\/wp-json\/wp\/v2\/comments?post=58"}],"version-history":[{"count":17,"href":"http:\/\/www2.ual.es\/jdual24\/wp-json\/wp\/v2\/pages\/58\/revisions"}],"predecessor-version":[{"id":102,"href":"http:\/\/www2.ual.es\/jdual24\/wp-json\/wp\/v2\/pages\/58\/revisions\/102"}],"wp:attachment":[{"href":"http:\/\/www2.ual.es\/jdual24\/wp-json\/wp\/v2\/media?parent=58"}],"curies":[{"name":"wp","href":"https:\/\/api.w.org\/{rel}","templated":true}]}}