{"id":11,"date":"2024-05-11T17:28:03","date_gmt":"2024-05-11T15:28:03","guid":{"rendered":"http:\/\/www2.ual.es\/jdual24\/?page_id=11"},"modified":"2024-05-13T21:08:55","modified_gmt":"2024-05-13T19:08:55","slug":"informacion-de-interes","status":"publish","type":"page","link":"http:\/\/www2.ual.es\/jdual24\/informacion-de-interes\/","title":{"rendered":"Informaci\u00f3n de Inter\u00e9s"},"content":{"rendered":"\n<div class=\"wp-block-group has-global-padding is-layout-constrained wp-block-group-is-layout-constrained\">\n<ul class=\"wp-block-list\">\n<li>El plazo de&nbsp;inscripci\u00f3n&nbsp;y de&nbsp;env\u00edo de res\u00famenes&nbsp;estar\u00e1 disponible del&nbsp;12 de mayo&nbsp;al 31 de mayo de 2024.<\/li>\n\n\n\n<li>Aquellos doctorandos\/as que deseen participar adjuntar\u00e1n en su inscripci\u00f3n un resumen explicativo (m\u00e1ximo 300 palabras y preferentemente en ingl\u00e9s) (ver <a href=\"http:\/\/www2.ual.es\/jdual24\/registro-y-envio-de-trabajos\/\" data-type=\"page\" data-id=\"32\">plantilla<\/a>) del trabajo que presentar\u00e1n en formato e-p\u00f3ster durante las jornadas.<\/li>\n\n\n\n<li>Durante la sesi\u00f3n de p\u00f3steres el alumnado realizar\u00e1 una breve exposici\u00f3n oral (3 minutos) de su contenido. Los p\u00f3steres se podr\u00e1n presentar en formato libre, y deber\u00e1n incluir al doctorando\/a como primer autor\/a. Su contenido deber\u00e1 estar relacionado con la tesis doctoral.<\/li>\n\n\n\n<li>La inscripci\u00f3n es gratuita y los trabajos presentados se publicar\u00e1n en el Libro de Actas de las Jornadas.&nbsp;<\/li>\n\n\n\n<li>Dependiendo de la demanda para presentaci\u00f3n de p\u00f3steres recibida y del espacio disponible, la EIDUAL podr\u00e1 seleccionar y limitar el n\u00famero total de p\u00f3steres a exponer o bien establecer un sistema de rotaci\u00f3n para la exposici\u00f3n de los mismos.&nbsp;<\/li>\n\n\n\n<li>El Comit\u00e9 Cient\u00edfico de las Jornadas seleccionar\u00e1 las mejores aportaciones para el Premio a la Mejor Comunicaci\u00f3n, que ser\u00e1 convenientemente comunicado.&nbsp;<\/li>\n\n\n\n<li>La sede de las Jornadas ser\u00e1 el&nbsp;<a href=\"https:\/\/www.ual.es\/como-llegar\" target=\"_blank\" rel=\"noreferrer noopener\">Edificio de Ciencias Econ\u00f3micas y Empresariales<\/a>.<\/li>\n<\/ul>\n<\/div>\n","protected":false},"excerpt":{"rendered":"","protected":false},"author":1,"featured_media":0,"parent":0,"menu_order":0,"comment_status":"closed","ping_status":"closed","template":"","meta":{"footnotes":""},"class_list":["post-11","page","type-page","status-publish","hentry"],"_links":{"self":[{"href":"http:\/\/www2.ual.es\/jdual24\/wp-json\/wp\/v2\/pages\/11","targetHints":{"allow":["GET"]}}],"collection":[{"href":"http:\/\/www2.ual.es\/jdual24\/wp-json\/wp\/v2\/pages"}],"about":[{"href":"http:\/\/www2.ual.es\/jdual24\/wp-json\/wp\/v2\/types\/page"}],"author":[{"embeddable":true,"href":"http:\/\/www2.ual.es\/jdual24\/wp-json\/wp\/v2\/users\/1"}],"replies":[{"embeddable":true,"href":"http:\/\/www2.ual.es\/jdual24\/wp-json\/wp\/v2\/comments?post=11"}],"version-history":[{"count":2,"href":"http:\/\/www2.ual.es\/jdual24\/wp-json\/wp\/v2\/pages\/11\/revisions"}],"predecessor-version":[{"id":38,"href":"http:\/\/www2.ual.es\/jdual24\/wp-json\/wp\/v2\/pages\/11\/revisions\/38"}],"wp:attachment":[{"href":"http:\/\/www2.ual.es\/jdual24\/wp-json\/wp\/v2\/media?parent=11"}],"curies":[{"name":"wp","href":"https:\/\/api.w.org\/{rel}","templated":true}]}}