{"id":1077,"date":"2026-01-27T16:28:02","date_gmt":"2026-01-27T15:28:02","guid":{"rendered":"http:\/\/www2.ual.es\/aquacontrol\/?page_id=1077"},"modified":"2026-01-27T16:47:22","modified_gmt":"2026-01-27T15:47:22","slug":"list-of-publications","status":"publish","type":"page","link":"http:\/\/www2.ual.es\/aquacontrol\/list-of-publications\/","title":{"rendered":"List of publications"},"content":{"rendered":"<form role=\"search\" method=\"get\" action=\"http:\/\/www2.ual.es\/aquacontrol\/\" class=\"wp-block-search__button-outside wp-block-search__text-button wp-block-search\"    ><label class=\"wp-block-search__label\" for=\"wp-block-search__input-1\" >Buscar<\/label><div class=\"wp-block-search__inside-wrapper\" ><input class=\"wp-block-search__input\" id=\"wp-block-search__input-1\" placeholder=\"\" value=\"\" type=\"search\" name=\"s\" required \/><button aria-label=\"Buscar\" class=\"wp-block-search__button wp-element-button\" type=\"submit\" >Buscar<\/button><\/div><\/form>\n\n\n<div class=\"publication-entry\" style=\"margin-bottom: 1.8em;\">\n\n  <p style=\"margin-bottom: 0.4em;\">\n    <strong>\n      Enhancing pH Control in Microalgae Raceway Photobioreactors Using 3DoF-KF Model-on-Demand Model Predictive Control\n    <\/strong>\n  <\/p>\n\n  <p style=\"margin: 0 0 0.3em 0;\">\n    Pablo Ot\u00e1lora, Sarasij Banerjee, Mohamed El Mistiri, Owais Khan, Daniel E. Rivera, Jos\u00e9 Luis Guzm\u00e1n\n  <\/p>\n\n  <p style=\"margin: 0 0 0.5em 0; font-style: italic;\">\n    Control Engineering Practice, Volume 168, 2026, Article 106742\n  <\/p>\n\n  <p style=\"margin: 0 0 0.5em 0;\">\n    ISSN: 0967-0661\n  <\/p>\n\n  <p style=\"margin: 0 0 0.3em 0;\">\n    <strong>DOI:<\/strong> 10.1016\/j.conengprac.2025.106742\n  <\/p>\n\n  <p style=\"margin: 0 0 0.3em 0;\">\n    <a href=\"https:\/\/www.sciencedirect.com\/science\/article\/pii\/S0967066125005039\"\n       target=\"_blank\" rel=\"noopener noreferrer\">\n      Publisher (Elsevier)\n    <\/a>\n  <\/p>\n\n  <p style=\"margin: 0;\">\n    <a href=\"https:\/\/zenodo.org\/records\/18246257\"\n       target=\"_blank\" rel=\"noopener noreferrer\">\n      Open access version (Zenodo)\n    <\/a>\n  <\/p>\n\n<\/div>\n\n\n\n<hr class=\"wp-block-separator has-alpha-channel-opacity\"\/>\n\n\n\n<div class=\"publication-entry\" style=\"margin-bottom: 1.8em;\">\n\n  <p style=\"margin-bottom: 0.4em;\">\n    <strong>\n      Reinforcement Learning Meets Bioprocess Control Through Behavior Cloning: Real-World Deployment in an Industrial Photobioreactor\n    <\/strong>\n  <\/p>\n\n  <p style=\"margin: 0 0 0.3em 0;\">\n    Juan D. Gil, Ehecatl Antonio Del Rio Chanona, Jos\u00e9 L. Guzm\u00e1n, Manuel Berenguel\n  <\/p>\n\n  <p style=\"margin: 0 0 0.5em 0; font-style: italic;\">\n    Engineering Applications of Artificial Intelligence, Volume 164, Part B, 2026, Article 113326\n  <\/p>\n\n  <p style=\"margin: 0 0 0.5em 0;\">\n    ISSN: 0952-1976\n  <\/p>\n\n  <p style=\"margin: 0 0 0.3em 0;\">\n    <strong>DOI:<\/strong> 10.1016\/j.engappai.2025.113326\n  <\/p>\n\n  <p style=\"margin: 0 0 0.3em 0;\">\n    <a href=\"https:\/\/www.sciencedirect.com\/science\/article\/pii\/S0952197625033573\" target=\"_blank\" rel=\"noopener noreferrer\">\n      Publisher (Elsevier)\n    <\/a>\n  <\/p>\n\n  <p style=\"margin: 0;\">\n    <a href=\"https:\/\/zenodo.org\/records\/17776806\" target=\"_blank\" rel=\"noopener noreferrer\">\n      Open access version (Zenodo)\n    <\/a>\n  <\/p>\n\n<\/div>\n\n\n\n<hr class=\"wp-block-separator has-alpha-channel-opacity\"\/>\n\n\n\n<div class=\"publication-entry\" style=\"margin-bottom: 1.8em;\">\n\n  <p style=\"margin-bottom: 0.4em;\">\n    <strong>\n      Demonstration-Scale Urban Wastewater Reclamation Using Concentrated Solar Radiation\n    <\/strong>\n  <\/p>\n\n  <p style=\"margin: 0 0 0.3em 0;\">\n    D. Rodr\u00edguez-Garc\u00eda, J. L. Garc\u00eda S\u00e1nchez, J. L. Guzm\u00e1n, Z. Arbib, J. L. Casas L\u00f3pez, J. A. S\u00e1nchez P\u00e9rez\n  <\/p>\n\n  <p style=\"margin: 0 0 0.5em 0; font-style: italic;\">\n    Journal of Water Process Engineering, Volume 78, 2025, Article 108817\n  <\/p>\n\n  <p style=\"margin: 0 0 0.5em 0;\">\n    ISSN: 2214-7144\n  <\/p>\n\n  <p style=\"margin: 0 0 0.3em 0;\">\n    <strong>DOI:<\/strong> 10.1016\/j.jwpe.2025.108817\n  <\/p>\n\n  <p style=\"margin: 0 0 0.3em 0;\">\n    <a href=\"https:\/\/www.sciencedirect.com\/science\/article\/pii\/S2214714425018902\"\n       target=\"_blank\" rel=\"noopener noreferrer\">\n      Publisher (Elsevier)\n    <\/a>\n  <\/p>\n\n  <p style=\"margin: 0;\">\n    <a href=\"https:\/\/zenodo.org\/records\/17219867\"\n       target=\"_blank\" rel=\"noopener noreferrer\">\n      Open access version (Zenodo)\n    <\/a>\n  <\/p>\n\n<\/div>\n\n\n\n<hr class=\"wp-block-separator has-alpha-channel-opacity\"\/>\n\n\n\n<div class=\"publication-entry\" style=\"margin-bottom: 1.8em;\">\n\n  <p style=\"margin-bottom: 0.4em;\">\n    <strong>\n      Virtual Laboratory for Control Education Using a Solar Collector Field System\n    <\/strong>\n  <\/p>\n\n  <p style=\"margin: 0 0 0.3em 0;\">\n    Igor M. L. Pataro, Juan D. Gil, Jos\u00e9 L. Guzm\u00e1n, Manuel Berenguel\n  <\/p>\n\n  <p style=\"margin: 0 0 0.5em 0; font-style: italic;\">\n    Computer Applications in Engineering Education, Volume 33, Issue 5, 2025, Article e70077\n  <\/p>\n\n  <p style=\"margin: 0 0 0.5em 0;\">\n    ISSN: 1061-3773\n  <\/p>\n\n  <p style=\"margin: 0 0 0.3em 0;\">\n    <strong>DOI:<\/strong> 10.1002\/cae.70077\n  <\/p>\n\n  <p style=\"margin: 0 0 0.3em 0;\">\n    <a href=\"https:\/\/doi.org\/10.1002\/cae.70077\"\n       target=\"_blank\" rel=\"noopener noreferrer\">\n      Publisher (Wiley)\n    <\/a>\n  <\/p>\n\n  <p style=\"margin: 0;\">\n    <a href=\"https:\/\/zenodo.org\/records\/17018863\"\n       target=\"_blank\" rel=\"noopener noreferrer\">\n      Open access version (Zenodo)\n    <\/a>\n  <\/p>\n\n<\/div>\n\n\n\n<hr class=\"wp-block-separator has-alpha-channel-opacity\"\/>\n\n\n\n<div class=\"publication-entry\" style=\"margin-bottom: 1.8em;\">\n\n  <p style=\"margin-bottom: 0.4em;\">\n    <strong>\n      A New Approach to Relay-Based Autotuning PID Controllers and Their Evaluation in pH Control of Industrial Photobioreactors\n    <\/strong>\n  <\/p>\n\n  <p style=\"margin: 0 0 0.3em 0;\">\n    Malena Caparroz, Kristian Soltesz, Tore H\u00e4gglund, Jos\u00e9 Luis Guzm\u00e1n, Manuel Berenguel\n  <\/p>\n\n  <p style=\"margin: 0 0 0.5em 0; font-style: italic;\">\n    Control Engineering Practice, Volume 164, 2025, Article 106520\n  <\/p>\n\n  <p style=\"margin: 0 0 0.5em 0;\">\n    ISSN: 0967-0661\n  <\/p>\n\n  <p style=\"margin: 0 0 0.3em 0;\">\n    <strong>DOI:<\/strong> 10.1016\/j.conengprac.2025.106520\n  <\/p>\n\n  <p style=\"margin: 0 0 0.3em 0;\">\n    <a href=\"https:\/\/www.sciencedirect.com\/science\/article\/pii\/S0967066125002825\"\n       target=\"_blank\" rel=\"noopener noreferrer\">\n      Publisher (Elsevier)\n    <\/a>\n  <\/p>\n\n  <p style=\"margin: 0;\">\n    <a href=\"https:\/\/zenodo.org\/records\/16797966\"\n       target=\"_blank\" rel=\"noopener noreferrer\">\n      Open access version (Zenodo)\n    <\/a>\n  <\/p>\n\n<\/div>\n\n\n\n<hr class=\"wp-block-separator has-alpha-channel-opacity\"\/>\n\n\n\n<div class=\"publication-entry\" style=\"margin-bottom: 1.8em;\">\n\n  <p style=\"margin-bottom: 0.4em;\">\n    <strong>\n      Enhancing Solar Furnace Performance by a Robust QFT-Based Control Approach\n    <\/strong>\n  <\/p>\n\n  <p style=\"margin: 0 0 0.3em 0;\">\n    \u00c1ngeles Hoyo, Jos\u00e9 Carlos Moreno, Jos\u00e9 Luis Guzm\u00e1n, Juan D. Gil, Manuel Berenguel\n  <\/p>\n\n  <p style=\"margin: 0 0 0.5em 0; font-style: italic;\">\n    IEEE Transactions on Industrial Informatics, Volume 21, Issue 10, 2025, pp. 7435\u20137444\n  <\/p>\n\n  <p style=\"margin: 0 0 0.5em 0;\">\n    ISSN: 1551-3203\n  <\/p>\n\n  <p style=\"margin: 0 0 0.3em 0;\">\n    <strong>DOI:<\/strong> 10.1109\/TII.2025.3575134\n  <\/p>\n\n  <p style=\"margin: 0 0 0.3em 0;\">\n    <a href=\"https:\/\/ieeexplore.ieee.org\/document\/11045445\"\n       target=\"_blank\" rel=\"noopener noreferrer\">\n      Publisher (IEEE Xplore)\n    <\/a>\n  <\/p>\n\n  <p style=\"margin: 0;\">\n    <a href=\"#\"\n       target=\"_blank\" rel=\"noopener noreferrer\">\n      Open access version (Zenodo)\n    <\/a>\n  <\/p>\n\n<\/div>\n\n\n\n<hr class=\"wp-block-separator has-alpha-channel-opacity\"\/>\n\n\n\n<div class=\"publication-entry\" style=\"margin-bottom: 1.8em;\">\n\n  <p style=\"margin-bottom: 0.4em;\">\n    <strong>\n      Learning-Based Practical Nonlinear Predictive Controller for Solar Thermal Collector Fields\n    <\/strong>\n  <\/p>\n\n  <p style=\"margin: 0 0 0.3em 0;\">\n    Igor M. L. Pataro, Juan D. Gil, Jos\u00e9 D. \u00c1lvarez, Jos\u00e9 L. Guzm\u00e1n, Jo\u00e3o M. Lemos, Manuel Berenguel\n  <\/p>\n\n  <p style=\"margin: 0 0 0.5em 0; font-style: italic;\">\n    IEEE Transactions on Control Systems Technology, Volume 33, Issue 6, 2025, pp. 2108\u20132120\n  <\/p>\n\n  <p style=\"margin: 0 0 0.5em 0;\">\n    ISSN: 1063-6536\n  <\/p>\n\n  <p style=\"margin: 0 0 0.3em 0;\">\n    <strong>DOI:<\/strong> 10.1109\/TCST.2025.3571558\n  <\/p>\n\n  <p style=\"margin: 0 0 0.3em 0;\">\n    <a href=\"https:\/\/ieeexplore.ieee.org\/document\/11022959\"\n       target=\"_blank\" rel=\"noopener noreferrer\">\n      Publisher (IEEE Xplore)\n    <\/a>\n  <\/p>\n\n  <p style=\"margin: 0;\">\n    <a href=\"https:\/\/zenodo.org\/records\/15770077\"\n       target=\"_blank\" rel=\"noopener noreferrer\">\n      Open access version (Zenodo)\n    <\/a>\n  <\/p>\n\n<\/div>\n\n\n\n\n<hr class=\"wp-block-separator has-alpha-channel-opacity\"\/>\n\n\n\n<div class=\"publication-entry\" style=\"margin-bottom: 1.8em;\">\n\n  <p style=\"margin-bottom: 0.4em;\">\n    <strong>\n      An Internet of Things Platform for Heterogeneous Data Integration: Methodology and Application Examples\n    <\/strong>\n  <\/p>\n\n  <p style=\"margin: 0 0 0.3em 0;\">\n    M. Mu\u00f1oz, M. Torres, Juan D. Gil, Jos\u00e9 L. Guzm\u00e1n\n  <\/p>\n\n  <p style=\"margin: 0 0 0.5em 0; font-style: italic;\">\n    Journal of Network and Computer Applications, Volume 240, 2025, Article 104197\n  <\/p>\n\n  <p style=\"margin: 0 0 0.5em 0;\">\n    ISSN: 1084-8045\n  <\/p>\n\n  <p style=\"margin: 0 0 0.3em 0;\">\n    <strong>DOI:<\/strong> 10.1016\/j.jnca.2025.104197\n  <\/p>\n\n  <p style=\"margin: 0 0 0.3em 0;\">\n    <a href=\"https:\/\/www.sciencedirect.com\/science\/article\/pii\/S1084804525000943\"\n       target=\"_blank\" rel=\"noopener noreferrer\">\n      Publisher (Elsevier)\n    <\/a>\n  <\/p>\n\n  <p style=\"margin: 0;\">\n    <a href=\"https:\/\/zenodo.org\/records\/15337470\"\n       target=\"_blank\" rel=\"noopener noreferrer\">\n      Open access version (Zenodo)\n    <\/a>\n  <\/p>\n\n<\/div>\n\n\n\n\n<hr class=\"wp-block-separator has-alpha-channel-opacity\"\/>\n\n\n\n<div class=\"publication-entry\" style=\"margin-bottom: 1.8em;\">\n\n  <p style=\"margin-bottom: 0.4em;\">\n    <strong>\n      Benchmarking of ALBA and ABACO-2 Models for Algae-Bacteria Wastewater Treatment\n    <\/strong>\n  <\/p>\n\n  <p style=\"margin: 0 0 0.3em 0;\">\n    Rebecca Nordio, Francesca Casagli, Enrique Rodr\u00edguez-Miranda, Jos\u00e9 Luis Guzm\u00e1n, Olivier Bernard, Gabriel Aci\u00e9n\n  <\/p>\n\n  <p style=\"margin: 0 0 0.5em 0; font-style: italic;\">\n    Algal Research, Volume 89, 2025, Article 104049\n  <\/p>\n\n  <p style=\"margin: 0 0 0.5em 0;\">\n    ISSN: 2211-9264\n  <\/p>\n\n  <p style=\"margin: 0 0 0.3em 0;\">\n    <strong>DOI:<\/strong> 10.1016\/j.algal.2025.104049\n  <\/p>\n\n  <p style=\"margin: 0 0 0.3em 0;\">\n    <a href=\"https:\/\/www.sciencedirect.com\/science\/article\/pii\/S2211926425001584\"\n       target=\"_blank\" rel=\"noopener noreferrer\">\n      Publisher (Elsevier)\n    <\/a>\n  <\/p>\n\n  <p style=\"margin: 0;\">\n    <a href=\"https:\/\/zenodo.org\/records\/15259623\"\n       target=\"_blank\" rel=\"noopener noreferrer\">\n      Open access version (Zenodo)\n    <\/a>\n  <\/p>\n\n<\/div>\n\n\n\n\n<hr class=\"wp-block-separator has-alpha-channel-opacity\"\/>\n\n\n\n<div class=\"publication-entry\" style=\"margin-bottom: 1.8em;\">\n\n  <p style=\"margin-bottom: 0.4em;\">\n    <strong>\n      Operation, Control and Assessment of a Full-Scale Membrane Distillation Unit for Treating Desalination Brine in the Context of Greenhouse Production\n    <\/strong>\n  <\/p>\n\n  <p style=\"margin: 0 0 0.3em 0;\">\n    J. A. Andr\u00e9s-Ma\u00f1as, Juan D. Gil, J. A. S\u00e1nchez-Molina, Manuel Berenguel, G. Zaragoza\n  <\/p>\n\n  <p style=\"margin: 0 0 0.5em 0; font-style: italic;\">\n    Journal of Cleaner Production, Volume 503, 2025, Article 145186\n  <\/p>\n\n  <p style=\"margin: 0 0 0.5em 0;\">\n    ISSN: 0959-6526\n  <\/p>\n\n  <p style=\"margin: 0 0 0.3em 0;\">\n    <strong>DOI:<\/strong> 10.1016\/j.jclepro.2025.145186\n  <\/p>\n\n  <p style=\"margin: 0 0 0.3em 0;\">\n    <a href=\"https:\/\/www.sciencedirect.com\/science\/article\/pii\/S0959652625005360\"\n       target=\"_blank\" rel=\"noopener noreferrer\">\n      Publisher (Elsevier)\n    <\/a>\n  <\/p>\n\n  <p style=\"margin: 0;\">\n    <a href=\"https:\/\/zenodo.org\/records\/15097719\"\n       target=\"_blank\" rel=\"noopener noreferrer\">\n      Open access version (Zenodo)\n    <\/a>\n  <\/p>\n\n<\/div>\n\n\n\n\n<hr class=\"wp-block-separator has-alpha-channel-opacity\"\/>\n\n\n\n<div class=\"publication-entry\" style=\"margin-bottom: 1.8em;\">\n\n  <p style=\"margin-bottom: 0.4em;\">\n    <strong>\n      Data-Driven Models of a Solar Field Used to Power Membrane Distillation Systems: A Comparison Study\n    <\/strong>\n  <\/p>\n\n  <p style=\"margin: 0 0 0.3em 0;\">\n    A. Bueso, Juan D. Gil, G. Zaragoza\n  <\/p>\n\n  <p style=\"margin: 0 0 0.5em 0; font-style: italic;\">\n    Solar Energy, Volume 290, 2025, Article 113349\n  <\/p>\n\n  <p style=\"margin: 0 0 0.5em 0;\">\n    ISSN: 0038-092X\n  <\/p>\n\n  <p style=\"margin: 0 0 0.3em 0;\">\n    <strong>DOI:<\/strong> 10.1016\/j.solener.2025.113349\n  <\/p>\n\n  <p style=\"margin: 0 0 0.3em 0;\">\n    <a href=\"https:\/\/www.sciencedirect.com\/science\/article\/pii\/S0038092X25001124\"\n       target=\"_blank\" rel=\"noopener noreferrer\">\n      Publisher (Elsevier)\n    <\/a>\n  <\/p>\n\n  <p style=\"margin: 0;\">\n    <a href=\"https:\/\/zenodo.org\/records\/14933729\"\n       target=\"_blank\" rel=\"noopener noreferrer\">\n      Open access version (Zenodo)\n    <\/a>\n  <\/p>\n\n<\/div>\n\n\n\n\n<hr class=\"wp-block-separator has-alpha-channel-opacity\"\/>\n\n\n\n<div class=\"publication-entry\" style=\"margin-bottom: 1.8em;\">\n\n  <p style=\"margin-bottom: 0.4em;\">\n    <strong>\n      A Hybrid MRAC-PI Approach to Regulate pH in Raceway Reactors for Microalgae Production\n    <\/strong>\n  <\/p>\n\n  <p style=\"margin: 0 0 0.3em 0;\">\n    Malena Caparroz, Jos\u00e9 Luis Guzm\u00e1n, Juan Diego Gil, Manuel Berenguel, Francisco Gabriel Aci\u00e9n\n  <\/p>\n\n  <p style=\"margin: 0 0 0.5em 0; font-style: italic;\">\n    Control Engineering Practice, Volume 156, 2025, Article 106191\n  <\/p>\n\n  <p style=\"margin: 0 0 0.5em 0;\">\n    ISSN: 0967-0661\n  <\/p>\n\n  <p style=\"margin: 0 0 0.3em 0;\">\n    <strong>DOI:<\/strong> 10.1016\/j.conengprac.2024.106191\n  <\/p>\n\n  <p style=\"margin: 0 0 0.3em 0;\">\n    <a href=\"https:\/\/www.sciencedirect.com\/science\/article\/pii\/S0967066124003502\"\n       target=\"_blank\" rel=\"noopener noreferrer\">\n      Publisher (Elsevier)\n    <\/a>\n  <\/p>\n\n  <p style=\"margin: 0;\">\n    <a href=\"https:\/\/zenodo.org\/records\/14933529\"\n       target=\"_blank\" rel=\"noopener noreferrer\">\n      Open access version (Zenodo)\n    <\/a>\n  <\/p>\n\n<\/div>\n\n\n\n\n<hr class=\"wp-block-separator has-alpha-channel-opacity\"\/>\n\n\n\n<div class=\"publication-entry\" style=\"margin-bottom: 1.8em;\">\n\n  <p style=\"margin-bottom: 0.4em;\">\n    <strong>\n      A Low-Cost Methodology Based on Artificial Intelligence for Contamination Detection in Microalgae Production Systems\n    <\/strong>\n  <\/p>\n\n  <p style=\"margin: 0 0 0.3em 0;\">\n    Jos\u00e9 Gonz\u00e1lez-Hern\u00e1ndez, Martina Ciardi, Jos\u00e9 Luis Guzm\u00e1n, Jos\u00e9 Carlos Moreno, Francisco Gabriel Aci\u00e9n\n  <\/p>\n\n  <p style=\"margin: 0 0 0.5em 0; font-style: italic;\">\n    Algal Research, Volume 85, 2025, Article 103849\n  <\/p>\n\n  <p style=\"margin: 0 0 0.5em 0;\">\n    ISSN: 2211-9264\n  <\/p>\n\n  <p style=\"margin: 0 0 0.3em 0;\">\n    <strong>DOI:<\/strong> 10.1016\/j.algal.2024.103849\n  <\/p>\n\n  <p style=\"margin: 0 0 0.3em 0;\">\n    <a href=\"https:\/\/www.sciencedirect.com\/science\/article\/pii\/S2211926424004612\"\n       target=\"_blank\" rel=\"noopener noreferrer\">\n      Publisher (Elsevier)\n    <\/a>\n  <\/p>\n\n  <p style=\"margin: 0;\">\n    <a href=\"https:\/\/zenodo.org\/records\/14933775\"\n       target=\"_blank\" rel=\"noopener noreferrer\">\n      Open access version (Zenodo)\n    <\/a>\n  <\/p>\n\n<\/div>\n\n","protected":false},"excerpt":{"rendered":"<p>Enhancing pH Control in Microalgae Raceway Photobioreactors Using 3DoF-KF Model-on-Demand Model Predictive Control Pablo Ot\u00e1lora, Sarasij Banerjee, Mohamed El Mistiri, Owais Khan, Daniel E. Rivera, Jos\u00e9 Luis Guzm\u00e1n Control Engineering Practice, Volume 168, 2026, Article 106742 ISSN: 0967-0661 DOI: 10.1016\/j.conengprac.2025.106742 Publisher (Elsevier) Open access version (Zenodo) Reinforcement Learning Meets Bioprocess [&hellip;]<\/p>\n","protected":false},"author":1,"featured_media":0,"parent":0,"menu_order":0,"comment_status":"closed","ping_status":"closed","template":"","meta":{"footnotes":""},"class_list":["post-1077","page","type-page","status-publish","hentry"],"_links":{"self":[{"href":"http:\/\/www2.ual.es\/aquacontrol\/wp-json\/wp\/v2\/pages\/1077","targetHints":{"allow":["GET"]}}],"collection":[{"href":"http:\/\/www2.ual.es\/aquacontrol\/wp-json\/wp\/v2\/pages"}],"about":[{"href":"http:\/\/www2.ual.es\/aquacontrol\/wp-json\/wp\/v2\/types\/page"}],"author":[{"embeddable":true,"href":"http:\/\/www2.ual.es\/aquacontrol\/wp-json\/wp\/v2\/users\/1"}],"replies":[{"embeddable":true,"href":"http:\/\/www2.ual.es\/aquacontrol\/wp-json\/wp\/v2\/comments?post=1077"}],"version-history":[{"count":5,"href":"http:\/\/www2.ual.es\/aquacontrol\/wp-json\/wp\/v2\/pages\/1077\/revisions"}],"predecessor-version":[{"id":1089,"href":"http:\/\/www2.ual.es\/aquacontrol\/wp-json\/wp\/v2\/pages\/1077\/revisions\/1089"}],"wp:attachment":[{"href":"http:\/\/www2.ual.es\/aquacontrol\/wp-json\/wp\/v2\/media?parent=1077"}],"curies":[{"name":"wp","href":"https:\/\/api.w.org\/{rel}","templated":true}]}}